{"id":6067,"date":"2026-01-10T23:51:41","date_gmt":"2026-01-11T04:51:41","guid":{"rendered":"https:\/\/saintjosephchildcare.com\/?page_id=6067"},"modified":"2026-01-29T14:54:56","modified_gmt":"2026-01-29T19:54:56","slug":"blog","status":"publish","type":"page","link":"https:\/\/saintjosephchildcare.com\/en\/blog\/","title":{"rendered":"Blog"},"content":{"rendered":"<p>[et_pb_section fb_built=\u00bb1&#8243; next_background_color=\u00bb#ffffff\u00bb module_id=\u00bbhome\u00bb module_class=\u00bbhero  kindergarten-section\u00bb _builder_version=\u00bb4.27.5&#8243; _module_preset=\u00bbdefault\u00bb background_color=\u00bb#f5e99d\u00bb use_background_color_gradient=\u00bbon\u00bb background_color_gradient_stops=\u00bbrgba(237,203,3,0.22) 3%|rgba(222,221,170,0.98) 100%\u00bb background_color_gradient_overlays_image=\u00bbon\u00bb background_enable_image=\u00bboff\u00bb background_size=\u00bbstretch\u00bb transform_scale_tablet=\u00bb\u00bb transform_scale_phone=\u00bb\u00bb transform_scale_last_edited=\u00bbon|tablet\u00bb transform_translate_tablet=\u00bb-2px|1px\u00bb transform_translate_phone=\u00bb0px|-2px\u00bb transform_translate_last_edited=\u00bbon|phone\u00bb transform_rotate_tablet=\u00bb\u00bb transform_rotate_phone=\u00bb\u00bb transform_rotate_last_edited=\u00bbon|tablet\u00bb transform_skew_tablet=\u00bb\u00bb transform_skew_phone=\u00bb\u00bb transform_skew_last_edited=\u00bbon|tablet\u00bb transform_origin_tablet=\u00bb\u00bb transform_origin_phone=\u00bb\u00bb transform_origin_last_edited=\u00bbon|tablet\u00bb transform_styles_last_edited=\u00bbon|phone\u00bb custom_margin=\u00bb0px||||false|false\u00bb custom_padding=\u00bb13px|0px|0px||false|false\u00bb bottom_divider_style=\u00bbclouds2&#8243; bottom_divider_height=\u00bb180px\u00bb bottom_divider_arrangement=\u00bbabove_content\u00bb bottom_divider_style_tablet=\u00bbclouds2&#8243; bottom_divider_style_phone=\u00bbclouds2&#8243; bottom_divider_style_last_edited=\u00bbon|phone\u00bb bottom_divider_height_tablet=\u00bb93px\u00bb bottom_divider_height_phone=\u00bb93px\u00bb bottom_divider_height_last_edited=\u00bbon|tablet\u00bb background_last_edited=\u00bbon|phone\u00bb background_enable_image_tablet=\u00bboff\u00bb transform_styles_tablet=\u00bb\u00bb transform_styles_phone=\u00bb\u00bb global_colors_info=\u00bb{}\u00bb][et_pb_row column_structure=\u00bb1_2,1_2&#8243; use_custom_gutter=\u00bbon\u00bb gutter_width=\u00bb1&#8243; make_equal=\u00bbon\u00bb custom_padding_last_edited=\u00bboff|desktop\u00bb _builder_version=\u00bb4.27.5&#8243; _module_preset=\u00bbdefault\u00bb width=\u00bb100%\u00bb max_width=\u00bb1764px\u00bb custom_margin=\u00bb0px|auto||auto|false|false\u00bb custom_margin_tablet=\u00bb0px|auto||auto|false|false\u00bb custom_margin_phone=\u00bb0px|auto||auto|false|false\u00bb custom_margin_last_edited=\u00bbon|tablet\u00bb custom_padding=\u00bb0px||||false|false\u00bb custom_padding_tablet=\u00bb9px||24px||false|false\u00bb custom_padding_phone=\u00bb81px||0px||false|false\u00bb custom_css_main_element=\u00bbalign-items: center;||justify-content: center;\u00bb global_colors_info=\u00bb{}\u00bb][et_pb_column type=\u00bb1_2&#8243; _builder_version=\u00bb4.27.5&#8243; _module_preset=\u00bbdefault\u00bb custom_padding=\u00bb70px||||false|false\u00bb custom_padding_tablet=\u00bb70px||||false|false\u00bb custom_padding_phone=\u00bb12px||||false|false\u00bb custom_padding_last_edited=\u00bbon|phone\u00bb global_colors_info=\u00bb{}\u00bb][et_pb_image src=\u00bbhttps:\/\/saintjosephchildcare.com\/wp-content\/uploads\/2026\/01\/Kindergartensildes2.png\u00bb title_text=\u00bbKindergartensildes2&#8243; _builder_version=\u00bb4.27.5&#8243; _module_preset=\u00bbdefault\u00bb transform_scale=\u00bb264%|264%\u00bb max_width=\u00bb7%\u00bb max_width_tablet=\u00bb7%\u00bb max_width_phone=\u00bb12%\u00bb max_width_last_edited=\u00bbon|phone\u00bb filter_opacity=\u00bb54%\u00bb custom_css_main_element=\u00bbwidth:fit-content;||animation: move 3000ms infinite alternate ease-in-out;||offset-path: path(%22M20,20 C20,100 200,0 200,60%22);\u00bb global_colors_info=\u00bb{}\u00bb][\/et_pb_image][et_pb_image src=\u00bbhttps:\/\/saintjosephchildcare.com\/wp-content\/uploads\/2026\/01\/Kindergartensilde3.png\u00bb title_text=\u00bbKindergartensilde3&#8243; align=\u00bbright\u00bb disabled_on=\u00bbon|off|off\u00bb _builder_version=\u00bb4.27.5&#8243; _module_preset=\u00bbdefault\u00bb transform_scale=\u00bb182%|182%\u00bb positioning=\u00bbabsolute\u00bb position_origin_a=\u00bbtop_right\u00bb vertical_offset=\u00bb12%\u00bb horizontal_offset=\u00bb130px\u00bb horizontal_offset_tablet=\u00bb200px\u00bb horizontal_offset_phone=\u00bb10px\u00bb horizontal_offset_last_edited=\u00bbon|phone\u00bb width=\u00bb100%\u00bb max_width=\u00bb6%\u00bb max_width_tablet=\u00bb4%\u00bb max_width_phone=\u00bb8%\u00bb max_width_last_edited=\u00bbon|phone\u00bb filter_opacity=\u00bb55%\u00bb custom_css_main_element=\u00bbwidth:fit-content;|| animation: move-one 4s ease-in-out infinite;\t\u00bb global_colors_info=\u00bb{}\u00bb][\/et_pb_image][et_pb_text _builder_version=\u00bb4.27.5&#8243; _module_preset=\u00bbdefault\u00bb text_font=\u00bb&#8211;et_global_body_font|800||on|||||\u00bb text_text_color=\u00bb#26B7B5&#8243; text_font_size=\u00bb38px\u00bb text_line_height=\u00bb1.2em\u00bb header_font=\u00bb&#8211;et_global_body_font|800|||||||\u00bb header_text_color=\u00bb#26B7B5&#8243; header_2_font=\u00bb&#8211;et_global_body_font|800|||||||\u00bb header_2_text_color=\u00bb#835B6B\u00bb transform_scale_tablet=\u00bb\u00bb transform_scale_phone=\u00bb\u00bb transform_scale_last_edited=\u00bbon|tablet\u00bb transform_translate=\u00bb-23px|-119px\u00bb transform_translate_tablet=\u00bb-3px|-75px\u00bb transform_translate_phone=\u00bb1px|-33px\u00bb transform_translate_last_edited=\u00bbon|phone\u00bb transform_rotate_tablet=\u00bb\u00bb transform_rotate_phone=\u00bb\u00bb transform_rotate_last_edited=\u00bbon|desktop\u00bb transform_skew_tablet=\u00bb\u00bb transform_skew_phone=\u00bb\u00bb transform_skew_last_edited=\u00bbon|desktop\u00bb transform_origin_tablet=\u00bb\u00bb transform_origin_phone=\u00bb\u00bb transform_origin_last_edited=\u00bbon|desktop\u00bb transform_styles_last_edited=\u00bbon|phone\u00bb text_orientation=\u00bbcenter\u00bb background_layout=\u00bbdark\u00bb width=\u00bb100%\u00bb width_tablet=\u00bb100%\u00bb width_phone=\u00bb100%\u00bb width_last_edited=\u00bbon|phone\u00bb module_alignment=\u00bbleft\u00bb custom_margin=\u00bb0px||0px||true|false\u00bb custom_margin_tablet=\u00bb0px||0px||true|false\u00bb custom_margin_phone=\u00bb||||true|false\u00bb custom_margin_last_edited=\u00bbon|phone\u00bb custom_padding=\u00bb0px||0px||true|false\u00bb hover_enabled=\u00bb0&#8243; text_text_color_tablet=\u00bb#26B7B5&#8243; text_text_color_phone=\u00bb#26B7B5&#8243; text_text_color_last_edited=\u00bboff|desktop\u00bb text_font_size_tablet=\u00bb33px\u00bb text_font_size_phone=\u00bb30px\u00bb text_font_size_last_edited=\u00bbon|phone\u00bb transform_styles_tablet=\u00bb\u00bb transform_styles_phone=\u00bb\u00bb global_colors_info=\u00bb{}\u00bb sticky_enabled=\u00bb0&#8243;]<\/p>\n<p style=\"text-align: center;\"><strong><span dir=\"auto\" style=\"vertical-align: inherit;\"><span dir=\"auto\" style=\"vertical-align: inherit;\">Saint Joseph Childcare Center<\/span><\/span><\/strong><\/p>\n<p>[\/et_pb_text][et_pb_text content_tablet=\u00bb<\/p>\n<h1 style=\"%22text-align:\" center;%22>Blog &#8211; Noticias<\/h1>\n<p>\u00bb content_phone=\u00bb<\/p>\n<h1>Blog &#038;<span> <\/span><span class=\"%22Y2IQFc%22\" lang=\"%22en%22\">news<\/span><\/h1>\n<p>\u00bb content_last_edited=\u00bbon|phone\u00bb _builder_version=\u00bb4.27.5&#8243; _module_preset=\u00bbdefault\u00bb text_text_color=\u00bb#edcb03&#8243; text_font_size=\u00bb20px\u00bb header_font=\u00bb&#8211;et_global_heading_font||||||||\u00bb header_text_align=\u00bbcenter\u00bb header_text_color=\u00bb#62363F\u00bb header_font_size=\u00bb76px\u00bb header_line_height=\u00bb1.1em\u00bb header_2_font=\u00bb&#8211;et_global_heading_font||||||||\u00bb header_2_text_align=\u00bbcenter\u00bb header_2_text_color=\u00bb#62363F\u00bb header_2_font_size=\u00bb81px\u00bb header_2_line_height=\u00bb1.2em\u00bb transform_scale_tablet=\u00bb\u00bb transform_scale_phone=\u00bb\u00bb transform_scale_last_edited=\u00bbon|tablet\u00bb transform_translate=\u00bb49px|-65px\u00bb transform_translate_tablet=\u00bb65px|-53px\u00bb transform_translate_phone=\u00bb40px|-21px\u00bb transform_translate_last_edited=\u00bbon|tablet\u00bb transform_rotate_tablet=\u00bb\u00bb transform_rotate_phone=\u00bb\u00bb transform_rotate_last_edited=\u00bbon|tablet\u00bb transform_skew_tablet=\u00bb\u00bb transform_skew_phone=\u00bb\u00bb transform_skew_last_edited=\u00bbon|tablet\u00bb transform_origin_tablet=\u00bb\u00bb transform_origin_phone=\u00bb\u00bb transform_origin_last_edited=\u00bbon|tablet\u00bb transform_styles_last_edited=\u00bbon|tablet\u00bb width=\u00bb100%\u00bb max_width=\u00bb81%\u00bb custom_margin=\u00bb0px||0px||true|false\u00bb custom_padding=\u00bb||0px|||\u00bb header_font_size_tablet=\u00bb59px\u00bb header_font_size_phone=\u00bb65px\u00bb header_font_size_last_edited=\u00bbon|phone\u00bb header_2_font_tablet=\u00bb\u00bb header_2_font_phone=\u00bb&#8211;et_global_heading_font||||||||\u00bb header_2_font_last_edited=\u00bbon|phone\u00bb header_2_text_color_tablet=\u00bb#62363F\u00bb header_2_text_color_phone=\u00bb#62363F\u00bb header_2_text_color_last_edited=\u00bbon|phone\u00bb header_2_font_size_tablet=\u00bb81px\u00bb header_2_font_size_phone=\u00bb50px\u00bb header_2_font_size_last_edited=\u00bbon|phone\u00bb header_2_line_height_tablet=\u00bb1.2em\u00bb header_2_line_height_phone=\u00bb1.2em\u00bb header_2_line_height_last_edited=\u00bbon|phone\u00bb transform_styles_tablet=\u00bb\u00bb transform_styles_phone=\u00bb\u00bb header_2_text_shadow_style=\u00bbpreset4&#8243; header_2_text_shadow_color=\u00bbrgba(0,0,0,0.08)\u00bb global_colors_info=\u00bb{}\u00bb]<\/p>\n<h1 style=\"text-align: center;\">Blog &amp; <span class=\"Y2IQFc\" lang=\"en\">news<\/span><\/h1>\n<h1 style=\"text-align: center;\"><\/h1>\n<p>[\/et_pb_text][et_pb_text _builder_version=\u00bb4.27.5&#8243; _module_preset=\u00bbdefault\u00bb text_font=\u00bb&#8211;et_global_body_font||||||||\u00bb text_text_color=\u00bb#62363F\u00bb text_font_size=\u00bb19px\u00bb transform_scale_tablet=\u00bb\u00bb transform_scale_phone=\u00bb\u00bb transform_scale_last_edited=\u00bbon|desktop\u00bb transform_translate=\u00bb66px|-41px\u00bb transform_translate_tablet=\u00bb-1px|17px\u00bb transform_translate_phone=\u00bb5px|-22px\u00bb transform_translate_last_edited=\u00bbon|desktop\u00bb transform_rotate_tablet=\u00bb\u00bb transform_rotate_phone=\u00bb\u00bb transform_rotate_last_edited=\u00bbon|desktop\u00bb transform_skew_tablet=\u00bb\u00bb transform_skew_phone=\u00bb\u00bb transform_skew_last_edited=\u00bbon|desktop\u00bb transform_origin_tablet=\u00bb\u00bb transform_origin_phone=\u00bb\u00bb transform_origin_last_edited=\u00bbon|desktop\u00bb transform_styles_last_edited=\u00bbon|desktop\u00bb width=\u00bb90%\u00bb width_tablet=\u00bb86%\u00bb width_phone=\u00bb86%\u00bb width_last_edited=\u00bbon|tablet\u00bb max_width=\u00bb80%\u00bb max_width_tablet=\u00bb100%\u00bb max_width_phone=\u00bb100%\u00bb max_width_last_edited=\u00bbon|tablet\u00bb custom_margin=\u00bb6px|||||\u00bb custom_margin_tablet=\u00bb|||50px|false|false\u00bb custom_margin_phone=\u00bb|20px||20px|false|false\u00bb custom_margin_last_edited=\u00bbon|phone\u00bb hover_enabled=\u00bb0&#8243; transform_styles_tablet=\u00bb\u00bb transform_styles_phone=\u00bb\u00bb global_colors_info=\u00bb{}\u00bb text_font_size_last_edited=\u00bbon|phone\u00bb sticky_enabled=\u00bb0&#8243; text_font_size_tablet=\u00bb19px\u00bb text_font_size_phone=\u00bb19px\u00bb]<\/p>\n<p style=\"text-align: justify;\"><strong>At Saint Joseph Child Care Center, we believe every child deserves a safe, loving, and stimulating environment in which to grow and learn. Through play, exploration, and guided activities, we support children during their early stages of development, fostering values, creativity, and confidence in a warm and family-oriented setting.<\/strong><\/p>\n<p>[\/et_pb_text][et_pb_button button_url=\u00bbtel:+1860-436-5156&#8243; button_text=\u00bbLlamar ahora\u00bb button_alignment=\u00bbcenter\u00bb _builder_version=\u00bb4.27.5&#8243; _module_preset=\u00bbdefault\u00bb custom_button=\u00bbon\u00bb button_text_color=\u00bb#F5F3E1&#8243; button_bg_color=\u00bb#62363F\u00bb button_border_width=\u00bb0px\u00bb button_border_radius=\u00bb100px\u00bb button_font=\u00bb&#8211;et_global_body_font|800|||||||\u00bb transform_scale_tablet=\u00bb\u00bb transform_scale_phone=\u00bb\u00bb transform_scale_last_edited=\u00bbon|desktop\u00bb transform_translate=\u00bb-14px|12px\u00bb transform_translate_tablet=\u00bb-14px|12px\u00bb transform_translate_phone=\u00bb-14px|12px\u00bb transform_translate_last_edited=\u00bbon|desktop\u00bb transform_rotate_tablet=\u00bb\u00bb transform_rotate_phone=\u00bb\u00bb transform_rotate_last_edited=\u00bbon|desktop\u00bb transform_skew_tablet=\u00bb\u00bb transform_skew_phone=\u00bb\u00bb transform_skew_last_edited=\u00bbon|desktop\u00bb transform_origin_tablet=\u00bb\u00bb transform_origin_phone=\u00bb\u00bb transform_origin_last_edited=\u00bbon|desktop\u00bb transform_styles_last_edited=\u00bbon|desktop\u00bb transform_styles_tablet=\u00bb\u00bb transform_styles_phone=\u00bb\u00bb global_colors_info=\u00bb{}\u00bb][\/et_pb_button][et_pb_image src=\u00bbhttps:\/\/saintjosephchildcare.com\/wp-content\/uploads\/2026\/01\/Kindergartensilde1.png\u00bb title_text=\u00bbKindergartensilde1&#8243; align=\u00bbcenter\u00bb _builder_version=\u00bb4.19.5&#8243; _module_preset=\u00bbdefault\u00bb max_width=\u00bb7%\u00bb max_width_tablet=\u00bb7%\u00bb max_width_phone=\u00bb9%\u00bb max_width_last_edited=\u00bbon|phone\u00bb custom_margin_tablet=\u00bb\u00bb custom_margin_phone=\u00bb-10px||||false|false\u00bb custom_margin_last_edited=\u00bbon|phone\u00bb filter_opacity=\u00bb55%\u00bb custom_css_main_element=\u00bbwidth:fit-content;||    offset-path: path(%22M10,20 C20,80 400,0 200,30%22);||    animation: move2 3000ms infinite alternate ease-in-out;\u00bb locked=\u00bboff\u00bb global_colors_info=\u00bb{}\u00bb][\/et_pb_image][\/et_pb_column][et_pb_column type=\u00bb1_2&#8243; _builder_version=\u00bb4.27.5&#8243; _module_preset=\u00bbdefault\u00bb custom_padding=\u00bb0px||||false|false\u00bb custom_padding_tablet=\u00bb35px||||false|false\u00bb custom_padding_phone=\u00bb8px||||false|false\u00bb custom_padding_last_edited=\u00bbon|phone\u00bb global_colors_info=\u00bb{}\u00bb][et_pb_image src=\u00bbhttps:\/\/saintjosephchildcare.com\/wp-content\/uploads\/2026\/01\/Sanit-1.png\u00bb title_text=\u00bbSanit\u00bb _builder_version=\u00bb4.27.5&#8243; _module_preset=\u00bbdefault\u00bb transform_scale_tablet=\u00bb102%|102%\u00bb transform_scale_phone=\u00bb122%|122%\u00bb transform_scale_last_edited=\u00bbon|desktop\u00bb transform_translate=\u00bb-17px|30px\u00bb transform_translate_tablet=\u00bb-18px|89px\u00bb transform_translate_phone=\u00bb-15px|25px\u00bb transform_translate_last_edited=\u00bbon|phone\u00bb transform_rotate_tablet=\u00bb\u00bb transform_rotate_phone=\u00bb\u00bb transform_rotate_last_edited=\u00bbon|desktop\u00bb transform_skew_tablet=\u00bb\u00bb transform_skew_phone=\u00bb\u00bb transform_skew_last_edited=\u00bbon|desktop\u00bb transform_origin_tablet=\u00bb\u00bb transform_origin_phone=\u00bb\u00bb transform_origin_last_edited=\u00bbon|desktop\u00bb transform_styles_last_edited=\u00bbon|desktop\u00bb width=\u00bb82%\u00bb transform_styles_tablet=\u00bb\u00bb transform_styles_phone=\u00bb\u00bb global_colors_info=\u00bb{}\u00bb][\/et_pb_image][\/et_pb_column][\/et_pb_row][\/et_pb_section][et_pb_section fb_built=\u00bb1&#8243; _builder_version=\u00bb4.27.5&#8243; _module_preset=\u00bbdefault\u00bb use_background_color_gradient=\u00bbon\u00bb background_color_gradient_repeat=\u00bbon\u00bb background_color_gradient_stops=\u00bbrgba(255,255,255,0.39) 3%|#ffffff 100%\u00bb background_color_gradient_overlays_image=\u00bbon\u00bb background_image=\u00bbhttps:\/\/saintjosephchildcare.com\/wp-content\/uploads\/2026\/01\/day_care_img_16-scaled.png\u00bb custom_margin=\u00bb-5px|||||\u00bb global_colors_info=\u00bb{}\u00bb][et_pb_row _builder_version=\u00bb4.27.5&#8243; _module_preset=\u00bbdefault\u00bb custom_padding=\u00bb17px|||||\u00bb global_colors_info=\u00bb{}\u00bb][et_pb_column type=\u00bb4_4&#8243; _builder_version=\u00bb4.27.5&#8243; _module_preset=\u00bbdefault\u00bb global_colors_info=\u00bb{}\u00bb][et_pb_text _builder_version=\u00bb4.27.5&#8243; _module_preset=\u00bbdefault\u00bb text_font=\u00bb&#8211;et_global_heading_font||||||||\u00bb text_font_size=\u00bb50px\u00bb header_font=\u00bb&#8211;et_global_heading_font|600|||||||\u00bb header_text_color=\u00bb#62363F\u00bb header_font_size=\u00bb47px\u00bb header_2_font=\u00bb&#8211;et_global_heading_font||||||||\u00bb header_2_text_color=\u00bb#62363F\u00bb header_2_font_size=\u00bb50px\u00bb global_colors_info=\u00bb{}\u00bb]<\/p>\n<h2 style=\"text-align: center;\">Blog &amp; Noticias<\/h2>\n<p>[\/et_pb_text][et_pb_text _builder_version=\u00bb4.27.5&#8243; _module_preset=\u00bbdefault\u00bb text_font=\u00bb&#8211;et_global_body_font||||||||\u00bb text_text_color=\u00bb#62363F\u00bb text_font_size=\u00bb19px\u00bb text_line_height=\u00bb1.6em\u00bb text_font_size_tablet=\u00bb16px\u00bb text_font_size_phone=\u00bb16px\u00bb text_font_size_last_edited=\u00bbon|phone\u00bb global_colors_info=\u00bb{}\u00bb]<\/p>\n<p data-start=\"381\" data-end=\"829\" style=\"text-align: justify;\">The blog and news section of our Day Care were created as an educational and guidance space for families, where we share reliable, up-to-date, and relevant information about children\u2019s overall development during their early years. We strongly believe that early childhood education is not limited to the classroom alone, but is strengthened through an ongoing connection between the childcare center and the home.<\/p>\n<p data-start=\"831\" data-end=\"1270\" style=\"text-align: justify;\">In this space, parents will find educational articles focused on children\u2019s emotional, social, cognitive, and physical development, from infancy through preschool age. We share content designed to support families in understanding each stage of early childhood development, offering practical recommendations, positive strategies, and activities that can be applied both at home and in the childcare setting.<\/p>\n<p data-start=\"1272\" data-end=\"1750\" style=\"text-align: justify;\">Our blog covers essential topics such as the importance of play in early learning, language development, sensory stimulation, child independence, socialization, emotional intelligence, and the creation of healthy routines. In addition, we provide guidance on daily habits such as balanced nutrition, adequate rest, hygiene, and adapting to new environments\u2014always with a respectful, age-appropriate approach for children.<\/p>\n<p data-start=\"1752\" data-end=\"2289\" style=\"text-align: justify;\">The news section keeps families informed about activities, special events, celebrations, educational projects, and Day Care updates. Here, we share important moments from the school calendar, educational initiatives, special programs, parent workshops, and any relevant updates related to the center\u2019s operations. This communication channel strengthens transparency and trust, allowing parents to feel like active participants in their children\u2019s educational experience.<\/p>\n<p data-start=\"2291\" data-end=\"2801\" style=\"text-align: justify;\">Our educational approach is based on learning through play, exploration, and hands-on experiences. For this reason, many of our articles include ideas for creative activities, crafts, educational games, and interactive experiences that encourage children\u2019s natural curiosity and promote meaningful learning. These activities are designed to stimulate key skills such as fine and gross motor development, creativity, problem-solving, communication, and teamwork.<\/p>\n<p data-start=\"2803\" data-end=\"3198\" style=\"text-align: justify;\">We also dedicate space to emotional well-being and social development topics, helping families better understand child behavior, emotion regulation, positive boundary-setting, and the development of self-esteem. Our goal is to provide tools that support conscious, respectful parenting aligned with best practices in early childhood education and care.<\/p>\n<p data-start=\"3200\" data-end=\"3575\" style=\"text-align: justify;\">All the content published on our blog is written in clear, accessible language and grounded in pedagogical principles, always with children\u2019s well-being and development in mind. We aim to be a trusted and approachable source of information for families, offering guidance that supports children\u2019s growth in a safe, caring, and stimulating environment.<\/p>\n<p data-start=\"3577\" data-end=\"3958\" style=\"text-align: justify;\">Through this space, we reaffirm our commitment to high-quality early childhood education, open communication with families, and the holistic development of every child. Our blog and news section not only inform, but also educate, inspire, and strengthen the partnership between parents and educators\u2014contributing to a more complete and meaningful learning experience.<\/p>\n<p>[\/et_pb_text][\/et_pb_column][\/et_pb_row][et_pb_row column_structure=\u00bb1_3,1_3,1_3&#8243; _builder_version=\u00bb4.27.5&#8243; _module_preset=\u00bbdefault\u00bb global_colors_info=\u00bb{}\u00bb][et_pb_column type=\u00bb1_3&#8243; _builder_version=\u00bb4.27.5&#8243; _module_preset=\u00bbdefault\u00bb global_colors_info=\u00bb{}\u00bb][et_pb_blog _builder_version=\u00bb4.27.5&#8243; _module_preset=\u00bbdefault\u00bb global_colors_info=\u00bb{}\u00bb][\/et_pb_blog][\/et_pb_column][et_pb_column type=\u00bb1_3&#8243; _builder_version=\u00bb4.27.5&#8243; _module_preset=\u00bbdefault\u00bb global_colors_info=\u00bb{}\u00bb][\/et_pb_column][et_pb_column type=\u00bb1_3&#8243; _builder_version=\u00bb4.27.5&#8243; _module_preset=\u00bbdefault\u00bb global_colors_info=\u00bb{}\u00bb][\/et_pb_column][\/et_pb_row][\/et_pb_section]<\/p>","protected":false},"excerpt":{"rendered":"<p>Centro de cuidado infantil Saint JosephBlog &amp; news En Saint Joseph Child Care Center, creemos que cada ni\u00f1o merece un entorno seguro, amoroso y estimulante para crecer y aprender. A trav\u00e9s del juego, la exploraci\u00f3n y actividades guiadas, acompa\u00f1amos a los ni\u00f1os en sus primeras etapas de desarrollo, fomentando valores, creatividad y confianza en un [&hellip;]<\/p>","protected":false},"author":1,"featured_media":0,"parent":0,"menu_order":0,"comment_status":"closed","ping_status":"closed","template":"","meta":{"_et_pb_use_builder":"on","_et_pb_old_content":"","_et_gb_content_width":"","footnotes":""},"class_list":["post-6067","page","type-page","status-publish","hentry"],"_hostinger_reach_plugin_has_subscription_block":false,"_hostinger_reach_plugin_is_elementor":false,"_links":{"self":[{"href":"https:\/\/saintjosephchildcare.com\/en\/wp-json\/wp\/v2\/pages\/6067","targetHints":{"allow":["GET"]}}],"collection":[{"href":"https:\/\/saintjosephchildcare.com\/en\/wp-json\/wp\/v2\/pages"}],"about":[{"href":"https:\/\/saintjosephchildcare.com\/en\/wp-json\/wp\/v2\/types\/page"}],"author":[{"embeddable":true,"href":"https:\/\/saintjosephchildcare.com\/en\/wp-json\/wp\/v2\/users\/1"}],"replies":[{"embeddable":true,"href":"https:\/\/saintjosephchildcare.com\/en\/wp-json\/wp\/v2\/comments?post=6067"}],"version-history":[{"count":101,"href":"https:\/\/saintjosephchildcare.com\/en\/wp-json\/wp\/v2\/pages\/6067\/revisions"}],"predecessor-version":[{"id":6899,"href":"https:\/\/saintjosephchildcare.com\/en\/wp-json\/wp\/v2\/pages\/6067\/revisions\/6899"}],"wp:attachment":[{"href":"https:\/\/saintjosephchildcare.com\/en\/wp-json\/wp\/v2\/media?parent=6067"}],"curies":[{"name":"wp","href":"https:\/\/api.w.org\/{rel}","templated":true}]}}